{"id":345,"date":"2025-03-07T12:45:34","date_gmt":"2025-03-07T12:45:34","guid":{"rendered":"https:\/\/mpw.peggert.net\/?page_id=345"},"modified":"2025-12-22T13:58:22","modified_gmt":"2025-12-22T13:58:22","slug":"impressum","status":"publish","type":"page","link":"https:\/\/mpw-germany.com\/fr\/impressum\/","title":{"rendered":"Impressum"},"content":{"rendered":"<div data-elementor-type=\"wp-page\" data-elementor-id=\"345\" class=\"elementor elementor-345\" data-elementor-post-type=\"page\">\n\t\t\t\t<div class=\"elementor-element elementor-element-70b38c5a e-flex e-con-boxed e-con e-parent\" data-id=\"70b38c5a\" data-element_type=\"container\" data-e-type=\"container\" data-settings=\"{&quot;jet_parallax_layout_list&quot;:[]}\">\n\t\t\t\t\t<div class=\"e-con-inner\">\n\t\t\t\t<div class=\"elementor-element elementor-element-992e0e7 elementor-widget elementor-widget-heading\" data-id=\"992e0e7\" data-element_type=\"widget\" data-e-type=\"widget\" data-widget_type=\"heading.default\">\n\t\t\t\t<div class=\"elementor-widget-container\">\n\t\t\t\t\t<h2 class=\"elementor-heading-title elementor-size-default\">Impressum<\/h2>\t\t\t\t<\/div>\n\t\t\t\t<\/div>\n\t\t\t\t<div class=\"elementor-element elementor-element-5c2a9ddf elementor-widget elementor-widget-text-editor\" data-id=\"5c2a9ddf\" data-element_type=\"widget\" data-e-type=\"widget\" data-widget_type=\"text-editor.default\">\n\t\t\t\t<div class=\"elementor-widget-container\">\n\t\t\t\t\t\t\t\t\t\n<p data-start=\"351\" data-end=\"471\">Les dispositions de l'article 5 du TMG :<br data-start=\"373\" data-end=\"376\">MPW Construction Machinery GmbH &amp; Co. KG<br data-start=\"416\" data-end=\"419\">Mooringer Stra\u00dfe 4b<br data-start=\"438\" data-end=\"441\">28865 Lilienthal<br data-start=\"457\" data-end=\"460\">Allemagne<\/p>\n<p data-start=\"473\" data-end=\"621\"><strong data-start=\"473\" data-end=\"493\">Vertreten durch :<\/strong><br data-start=\"493\" data-end=\"496\">MPW Verwaltungs-GmbH (pers\u00f6nlich haftende Gesellschafterin)<br data-start=\"555\" data-end=\"558\">Ce projet a \u00e9t\u00e9 r\u00e9alis\u00e9 par le directeur g\u00e9n\u00e9ral Markus P. Wehner.<\/p>\n<p data-start=\"623\" data-end=\"788\"><strong data-start=\"623\" data-end=\"635\">Kontakt :<\/strong><br data-start=\"635\" data-end=\"638\">Telefon : +49 (0)4792 9539953<br data-start=\"666\" data-end=\"669\">E-Mail : <a class=\"cursor-pointer\" rel=\"noopener\" data-start=\"677\" data-end=\"726\">mpw@mpw-germany.com<\/a><br data-start=\"726\" data-end=\"729\">Site web : <a class=\"\" href=\"https:\/\/mpw-germany.com\/fr\/\" target=\"_new\" rel=\"noopener\" data-start=\"738\" data-end=\"788\">www.mpw-germany.com<\/a><\/p>\n<p data-start=\"790\" data-end=\"912\"><strong data-start=\"790\" data-end=\"810\">Registre d'immatriculation :<\/strong><br data-start=\"810\" data-end=\"813\">Eintragung im Handelsregister.<br data-start=\"843\" data-end=\"846\">Registergericht : Amtsgericht Walsrode<br data-start=\"883\" data-end=\"886\">Registernummer : HRA 203084<\/p>\n<p data-start=\"914\" data-end=\"1019\"><strong data-start=\"914\" data-end=\"934\">Umsatzsteuer-ID :<\/strong><br data-start=\"934\" data-end=\"937\">Umsatzsteuer-Identifikationsnummer gem\u00e4\u00df \u00a7 27 a Umsatzsteuergesetz :<br data-start=\"1004\" data-end=\"1007\">DE 193372416<\/p>\n\t\t\t\t\t\t\t\t<\/div>\n\t\t\t\t<\/div>\n\t\t\t\t<div class=\"elementor-element elementor-element-6abbe4c elementor-widget-divider--view-line elementor-widget elementor-widget-divider\" data-id=\"6abbe4c\" data-element_type=\"widget\" data-e-type=\"widget\" data-widget_type=\"divider.default\">\n\t\t\t\t<div class=\"elementor-widget-container\">\n\t\t\t\t\t\t\t<div class=\"elementor-divider\">\n\t\t\t<span class=\"elementor-divider-separator\">\n\t\t\t\t\t\t<\/span>\n\t\t<\/div>\n\t\t\t\t\t\t<\/div>\n\t\t\t\t<\/div>\n\t\t\t\t<div class=\"elementor-element elementor-element-f030e3c elementor-widget elementor-widget-text-editor\" data-id=\"f030e3c\" data-element_type=\"widget\" data-e-type=\"widget\" data-widget_type=\"text-editor.default\">\n\t\t\t\t<div class=\"elementor-widget-container\">\n\t\t\t\t\t\t\t\t\t\n<p data-start=\"914\" data-end=\"1019\">\u00a0<\/p>\n<p data-start=\"1026\" data-end=\"1757\"><strong data-start=\"1026\" data-end=\"1049\">Frais d'inscription au registre<\/strong><br data-start=\"1049\" data-end=\"1052\">Als Diensteanbieter sind wir gem\u00e4\u00df \u00a7 7 Abs. 1 TMG pour nos propres contenus sur ces pages, conform\u00e9ment aux dispositions g\u00e9n\u00e9rales.<br data-start=\"1184\" data-end=\"1187\">Conform\u00e9ment aux articles 8 \u00e0 10 du TMG, nous ne sommes pas tenus, en tant que fournisseurs de services, d'accepter des informations gratuites, qu'elles soient transmises ou qu'elles proviennent d'autres sources, qui ne sont pas soumises \u00e0 une obligation de confidentialit\u00e9.<br data-start=\"1410\" data-end=\"1413\">Les dispositions relatives \u00e0 l'obtention ou \u00e0 l'interruption de l'utilisation d'informations conform\u00e9ment aux dispositions g\u00e9n\u00e9rales ne sont pas prises en compte. Une telle compensation n'est toutefois possible qu'\u00e0 partir du moment o\u00f9 l'on a connaissance d'une violation grave des droits de l'homme. Bei Bekanntwerden entsprechender Rechtsverletzungen werden wir diese Inhalte umgehend entfernen.<\/p>\n<p data-start=\"1759\" data-end=\"2478\"><strong data-start=\"1759\" data-end=\"1780\">Fonds pour les liens<\/strong><br data-start=\"1780\" data-end=\"1783\">Notre offre contient des liens vers des sites web externes, dont les contenus ne nous concernent pas.<br data-start=\"1885\" data-end=\"1888\">Par cons\u00e9quent, nous ne pouvons pas exiger de r\u00e9mun\u00e9ration pour ces \u00e9l\u00e9ments gratuits. Pour les contenus des pages reli\u00e9es, c'est toujours l'auteur ou le propri\u00e9taire de ces pages qui est responsable.<br data-start=\"2075\" data-end=\"2078\">Les pages reli\u00e9es par des liens ont \u00e9t\u00e9 supprim\u00e9es au moment de la mise en \u0153uvre du lien sur des points de vue juridiques l\u00e9gitimes. Les informations relatives aux droits de l'homme n'ont pas \u00e9t\u00e9 prises en compte au moment de la publication.<br data-start=\"2248\" data-end=\"2251\">Un contr\u00f4le permanent et inhal\u00e9 des pages verrouill\u00e9es n'est toutefois pas n\u00e9cessaire en l'absence d'effets n\u00e9gatifs graves d'une action en justice.<br data-start=\"2388\" data-end=\"2391\">En cas de plaintes pour violation des droits de l'homme, les liens suivants seront mis en place.<\/p>\n<p data-start=\"2480\" data-end=\"3305\"><strong data-start=\"2480\" data-end=\"2496\">Urheberrecht<\/strong><br data-start=\"2496\" data-end=\"2499\">Les textes et les \u0153uvres publi\u00e9s sur ces pages par les auteurs de ces pages ne sont pas conformes \u00e0 la l\u00e9gislation allemande sur les droits d'auteur.<br data-start=\"2615\" data-end=\"2618\">La v\u00e9rification, le traitement, la reproduction et toute forme d'\u00e9valuation \u00e0 l'int\u00e9rieur des limites des droits d'auteur doivent \u00eatre conformes \u00e0 la l\u00e9gislation sur les droits d'auteur des auteurs et des vendeurs.<br data-start=\"2810\" data-end=\"2813\">Les t\u00e9l\u00e9chargements et les copies de ce site sont uniquement destin\u00e9s \u00e0 un usage priv\u00e9 et non commercial.<br data-start=\"2913\" data-end=\"2916\">Soweit die Inhalte auf dieser Seite nicht vom Betreiber erstellt wurden, werden die Urheberrechte Dritter beachtet.<br data-start=\"3031\" data-end=\"3034\">Insbesondere werden Inhalte Dritter als solche gekennzeichnet. Sollten Sie trotzdem auf eine Urheberrechtsverletzung aufmerksam werden, bitten wir um einen entsprechenden Hinweis.<br data-start=\"3213\" data-end=\"3216\">Bei Bekanntwerden von Rechtsverletzungen werden wir derartige Inhalte umgehend entfernen.<\/p>\n<p data-start=\"914\" data-end=\"1019\"><br><br><\/p>\n<p><strong>Credits:<\/strong><br><a href=\"https:\/\/www.flaticon.com\/free-icons\/planer\" target=\"_blank\" rel=\"noopener\">Planer icons created by Paul J. \u2013 Flaticon<\/a><\/p>\n<p data-start=\"351\" data-end=\"471\"><\/p>\n<p><a href=\"https:\/\/www.flaticon.com\/free-icons\/compactor\" target=\"_blank\" rel=\"noopener\">Compactor icons created by Atif Arshad \u2013 Flaticon<\/a><\/p>\n<p data-start=\"351\" data-end=\"471\"><\/p>\n<p><a href=\"https:\/\/www.flaticon.com\/free-icons\/front-loader\" target=\"_blank\" rel=\"noopener\">Front loader icons created by Freepik \u2013 Flaticon<\/a><\/p>\n<p data-start=\"351\" data-end=\"471\"><\/p>\n<p><a href=\"https:\/\/www.flaticon.com\/free-icons\/skid-steer-loader\" target=\"_blank\" rel=\"noopener\">Skid steer loader icons created by ADI_ICONS \u2013 Flaticon<\/a><\/p>\n<p>Pixabay<\/p>\n<p data-start=\"351\" data-end=\"471\"><\/p>\n<p>\u00a0<\/p>\n\t\t\t\t\t\t\t\t<\/div>\n\t\t\t\t<\/div>\n\t\t\t\t\t<\/div>\n\t\t\t\t<\/div>\n\t\t\t\t<\/div>","protected":false},"excerpt":{"rendered":"<p>Impressum Angaben gem\u00e4\u00df \u00a7 5 TMG:MPW Construction Machinery GmbH &amp; Co. KGMooringer Stra\u00dfe 4b28865 LilienthalDeutschland Vertreten durch:MPW Verwaltungs-GmbH (pers\u00f6nlich haftende Gesellschafterin)Diese wird vertreten durch den Gesch\u00e4ftsf\u00fchrer Markus P. Wehner Kontakt:Telefon: +49 (0)4792 9539953E-Mail: mpw@mpw-germany.comWebsite: www.mpw-germany.com Registereintrag:Eintragung im Handelsregister.Registergericht: Amtsgericht WalsrodeRegisternummer: HRA 203084 Umsatzsteuer-ID:Umsatzsteuer-Identifikationsnummer gem\u00e4\u00df \u00a7 27 a Umsatzsteuergesetz:DE 193372416 \u00a0 Haftung f\u00fcr InhalteAls Diensteanbieter sind [&hellip;]<\/p>\n","protected":false},"author":1,"featured_media":0,"parent":0,"menu_order":0,"comment_status":"closed","ping_status":"closed","template":"","meta":{"iawp_total_views":5,"footnotes":""},"class_list":["post-345","page","type-page","status-publish","hentry"],"_links":{"self":[{"href":"https:\/\/mpw-germany.com\/fr\/wp-json\/wp\/v2\/pages\/345","targetHints":{"allow":["GET"]}}],"collection":[{"href":"https:\/\/mpw-germany.com\/fr\/wp-json\/wp\/v2\/pages"}],"about":[{"href":"https:\/\/mpw-germany.com\/fr\/wp-json\/wp\/v2\/types\/page"}],"author":[{"embeddable":true,"href":"https:\/\/mpw-germany.com\/fr\/wp-json\/wp\/v2\/users\/1"}],"replies":[{"embeddable":true,"href":"https:\/\/mpw-germany.com\/fr\/wp-json\/wp\/v2\/comments?post=345"}],"version-history":[{"count":10,"href":"https:\/\/mpw-germany.com\/fr\/wp-json\/wp\/v2\/pages\/345\/revisions"}],"predecessor-version":[{"id":3160,"href":"https:\/\/mpw-germany.com\/fr\/wp-json\/wp\/v2\/pages\/345\/revisions\/3160"}],"wp:attachment":[{"href":"https:\/\/mpw-germany.com\/fr\/wp-json\/wp\/v2\/media?parent=345"}],"curies":[{"name":"wp","href":"https:\/\/api.w.org\/{rel}","templated":true}]}}