{"id":345,"date":"2025-03-07T12:45:34","date_gmt":"2025-03-07T12:45:34","guid":{"rendered":"https:\/\/mpw.peggert.net\/?page_id=345"},"modified":"2025-12-22T13:58:22","modified_gmt":"2025-12-22T13:58:22","slug":"impressum","status":"publish","type":"page","link":"https:\/\/mpw-germany.com\/es\/impressum\/","title":{"rendered":"Impresionante"},"content":{"rendered":"<div data-elementor-type=\"wp-page\" data-elementor-id=\"345\" class=\"elementor elementor-345\" data-elementor-post-type=\"page\">\n\t\t\t\t<div class=\"elementor-element elementor-element-70b38c5a e-flex e-con-boxed e-con e-parent\" data-id=\"70b38c5a\" data-element_type=\"container\" data-e-type=\"container\" data-settings=\"{&quot;jet_parallax_layout_list&quot;:[]}\">\n\t\t\t\t\t<div class=\"e-con-inner\">\n\t\t\t\t<div class=\"elementor-element elementor-element-992e0e7 elementor-widget elementor-widget-heading\" data-id=\"992e0e7\" data-element_type=\"widget\" data-e-type=\"widget\" data-widget_type=\"heading.default\">\n\t\t\t\t<div class=\"elementor-widget-container\">\n\t\t\t\t\t<h2 class=\"elementor-heading-title elementor-size-default\">Impresionante<\/h2>\t\t\t\t<\/div>\n\t\t\t\t<\/div>\n\t\t\t\t<div class=\"elementor-element elementor-element-5c2a9ddf elementor-widget elementor-widget-text-editor\" data-id=\"5c2a9ddf\" data-element_type=\"widget\" data-e-type=\"widget\" data-widget_type=\"text-editor.default\">\n\t\t\t\t<div class=\"elementor-widget-container\">\n\t\t\t\t\t\t\t\t\t\n<p data-start=\"351\" data-end=\"471\">Angaben gem\u00e4\u00df \u00a7 5 TMG:<br data-start=\"373\" data-end=\"376\">MPW Maquinaria de Construcci\u00f3n GmbH &amp; Co. KG<br data-start=\"416\" data-end=\"419\">Mooringer Stra\u00dfe 4b<br data-start=\"438\" data-end=\"441\">28865 Lilienthal<br data-start=\"457\" data-end=\"460\">Deutschland<\/p>\n<p data-start=\"473\" data-end=\"621\"><strong data-start=\"473\" data-end=\"493\">Vertreten durch:<\/strong><br data-start=\"493\" data-end=\"496\">MPW Verwaltungs-GmbH (pers\u00f6nlich haftende Gesellschafterin)<br data-start=\"555\" data-end=\"558\">Markus P. Wehner, Director General, se encargar\u00e1 de su gesti\u00f3n.<\/p>\n<p data-start=\"623\" data-end=\"788\"><strong data-start=\"623\" data-end=\"635\">Contacto:<\/strong><br data-start=\"635\" data-end=\"638\">Tel\u00e9fono +49 (0)4792 9539953<br data-start=\"666\" data-end=\"669\">E-Mail: <a class=\"cursor-pointer\" rel=\"noopener\" data-start=\"677\" data-end=\"726\">mpw@mpw-germany.com<\/a><br data-start=\"726\" data-end=\"729\">P\u00e1gina web: <a class=\"\" href=\"https:\/\/mpw-germany.com\/es\/\" target=\"_new\" rel=\"noopener\" data-start=\"738\" data-end=\"788\">www.mpw-germany.com<\/a><\/p>\n<p data-start=\"790\" data-end=\"912\"><strong data-start=\"790\" data-end=\"810\">Registereintrag:<\/strong><br data-start=\"810\" data-end=\"813\">Inscripci\u00f3n en el registro mercantil.<br data-start=\"843\" data-end=\"846\">Registergericht: Amtsgericht Walsrode<br data-start=\"883\" data-end=\"886\">N\u00famero de registro: HRA 203084<\/p>\n<p data-start=\"914\" data-end=\"1019\"><strong data-start=\"914\" data-end=\"934\">Umsatzsteuer-ID:<\/strong><br data-start=\"934\" data-end=\"937\">Umsatzsteuer-Identifikationsnummer gem\u00e4\u00df \u00a7 27 a Umsatzsteuergesetz:<br data-start=\"1004\" data-end=\"1007\">DE 193372416<\/p>\n\t\t\t\t\t\t\t\t<\/div>\n\t\t\t\t<\/div>\n\t\t\t\t<div class=\"elementor-element elementor-element-6abbe4c elementor-widget-divider--view-line elementor-widget elementor-widget-divider\" data-id=\"6abbe4c\" data-element_type=\"widget\" data-e-type=\"widget\" data-widget_type=\"divider.default\">\n\t\t\t\t<div class=\"elementor-widget-container\">\n\t\t\t\t\t\t\t<div class=\"elementor-divider\">\n\t\t\t<span class=\"elementor-divider-separator\">\n\t\t\t\t\t\t<\/span>\n\t\t<\/div>\n\t\t\t\t\t\t<\/div>\n\t\t\t\t<\/div>\n\t\t\t\t<div class=\"elementor-element elementor-element-f030e3c elementor-widget elementor-widget-text-editor\" data-id=\"f030e3c\" data-element_type=\"widget\" data-e-type=\"widget\" data-widget_type=\"text-editor.default\">\n\t\t\t\t<div class=\"elementor-widget-container\">\n\t\t\t\t\t\t\t\t\t\n<p data-start=\"914\" data-end=\"1019\">\u00a0<\/p>\n<p data-start=\"1026\" data-end=\"1757\"><strong data-start=\"1026\" data-end=\"1049\">Ayuda para entradas<\/strong><br data-start=\"1049\" data-end=\"1052\">Als Diensteanbieter sind wir gem\u00e4\u00df \u00a7 7 Abs. 1 TMG f\u00fcr eigene Inhalte auf diesen Seiten nach allgemeinen Gesetzen verantwortlich. 1 TMG f\u00fcr eigene Inhalte auf diesen Seiten nach den allgemeinen Gesetzen verantwortlich.<br data-start=\"1184\" data-end=\"1187\">De conformidad con los art\u00edculos 8 a 10 de la TMG, no estamos obligados, como proveedores de servicios, a divulgar informaci\u00f3n confidencial o a revelarla a terceros que no tengan derecho a ello.<br data-start=\"1410\" data-end=\"1413\">Las restricciones relativas a la obtenci\u00f3n o al uso de informaci\u00f3n con arreglo a las normas generales no est\u00e1n sujetas a ninguna obligaci\u00f3n. Sin embargo, s\u00f3lo es posible una indemnizaci\u00f3n de este tipo en el momento en que se conoce una infracci\u00f3n legal grave. Nos reservamos el derecho de modificar esta informaci\u00f3n en cualquier momento.<\/p>\n<p data-start=\"1759\" data-end=\"2478\"><strong data-start=\"1759\" data-end=\"1780\">Haftung f\u00fcr Links<\/strong><br data-start=\"1780\" data-end=\"1783\">Nuestra oferta contiene enlaces a sitios web externos sobre los que no tenemos ninguna influencia.<br data-start=\"1885\" data-end=\"1888\">Por lo tanto, no podemos asumir ninguna responsabilidad por estos contenidos gratuitos. Para los contenidos de las p\u00e1ginas enlazadas, s\u00f3lo se considerar\u00e1 responsable al propietario de la p\u00e1gina.<br data-start=\"2075\" data-end=\"2078\">Las p\u00e1ginas enlazadas estaban sujetas a la legislaci\u00f3n aplicable en el momento de la conexi\u00f3n. En el momento de la conexi\u00f3n, no se reconoc\u00edan los contenidos jur\u00eddicos.<br data-start=\"2248\" data-end=\"2251\">Sin embargo, no es posible realizar un control permanente de las p\u00e1ginas enlazadas sin que se produzcan consecuencias negativas para el derecho.<br data-start=\"2388\" data-end=\"2391\">En el caso de las respuestas a las consultas de los tribunales, nos limitaremos a indicar los enlaces correspondientes.<\/p>\n<p data-start=\"2480\" data-end=\"3305\"><strong data-start=\"2480\" data-end=\"2496\">Urheberrecht<\/strong><br data-start=\"2496\" data-end=\"2499\">Los contenidos y obras publicados en estas p\u00e1ginas por los redactores de las mismas se ajustan al Derecho alem\u00e1n de propiedad intelectual.<br data-start=\"2615\" data-end=\"2618\">Die Vervielf\u00e4ltigung, Bearbeitung, Verbreitung und jede Art der Verwertung au\u00dferhalb der Grenzen des Urheberrechtes bed\u00fcrfen der schriftlichen Zustimmung des jeweiligen Autors bz. Erstellers.<br data-start=\"2810\" data-end=\"2813\">Las descargas y copias de esta p\u00e1gina est\u00e1n destinadas exclusivamente al uso privado y no comercial.<br data-start=\"2913\" data-end=\"2916\">Soweit die Inhalte auf dieser Seite nicht vom Betreiber erstellt wurden, werden die Urheberrechte Dritter beachtet.<br data-start=\"3031\" data-end=\"3034\">Insbesondere werden Inhalte Dritter als solche gekennzeichnet. Sollten Sie trotzdem auf eine Urheberrechtsverletzung aufmerksam werden, bitten wir um einen entsprechenden Hinweis.<br data-start=\"3213\" data-end=\"3216\">Bei Bekanntwerden von Rechtsverletzungen werden wir derartige Inhalte umgehend entfernen.<\/p>\n<p data-start=\"914\" data-end=\"1019\"><br><br><\/p>\n<p><strong>Credits:<\/strong><br><a href=\"https:\/\/www.flaticon.com\/free-icons\/planer\" target=\"_blank\" rel=\"noopener\">Planer icons created by Paul J. \u2013 Flaticon<\/a><\/p>\n<p data-start=\"351\" data-end=\"471\"><\/p>\n<p><a href=\"https:\/\/www.flaticon.com\/free-icons\/compactor\" target=\"_blank\" rel=\"noopener\">Compactor icons created by Atif Arshad \u2013 Flaticon<\/a><\/p>\n<p data-start=\"351\" data-end=\"471\"><\/p>\n<p><a href=\"https:\/\/www.flaticon.com\/free-icons\/front-loader\" target=\"_blank\" rel=\"noopener\">Front loader icons created by Freepik \u2013 Flaticon<\/a><\/p>\n<p data-start=\"351\" data-end=\"471\"><\/p>\n<p><a href=\"https:\/\/www.flaticon.com\/free-icons\/skid-steer-loader\" target=\"_blank\" rel=\"noopener\">Skid steer loader icons created by ADI_ICONS \u2013 Flaticon<\/a><\/p>\n<p>Pixabay<\/p>\n<p data-start=\"351\" data-end=\"471\"><\/p>\n<p>\u00a0<\/p>\n\t\t\t\t\t\t\t\t<\/div>\n\t\t\t\t<\/div>\n\t\t\t\t\t<\/div>\n\t\t\t\t<\/div>\n\t\t\t\t<\/div>","protected":false},"excerpt":{"rendered":"<p>Impressum Angaben gem\u00e4\u00df \u00a7 5 TMG:MPW Construction Machinery GmbH &amp; Co. KGMooringer Stra\u00dfe 4b28865 LilienthalDeutschland Vertreten durch:MPW Verwaltungs-GmbH (pers\u00f6nlich haftende Gesellschafterin)Diese wird vertreten durch den Gesch\u00e4ftsf\u00fchrer Markus P. Wehner Kontakt:Telefon: +49 (0)4792 9539953E-Mail: mpw@mpw-germany.comWebsite: www.mpw-germany.com Registereintrag:Eintragung im Handelsregister.Registergericht: Amtsgericht WalsrodeRegisternummer: HRA 203084 Umsatzsteuer-ID:Umsatzsteuer-Identifikationsnummer gem\u00e4\u00df \u00a7 27 a Umsatzsteuergesetz:DE 193372416 \u00a0 Haftung f\u00fcr InhalteAls Diensteanbieter sind [&hellip;]<\/p>\n","protected":false},"author":1,"featured_media":0,"parent":0,"menu_order":0,"comment_status":"closed","ping_status":"closed","template":"","meta":{"iawp_total_views":5,"footnotes":""},"class_list":["post-345","page","type-page","status-publish","hentry"],"_links":{"self":[{"href":"https:\/\/mpw-germany.com\/es\/wp-json\/wp\/v2\/pages\/345","targetHints":{"allow":["GET"]}}],"collection":[{"href":"https:\/\/mpw-germany.com\/es\/wp-json\/wp\/v2\/pages"}],"about":[{"href":"https:\/\/mpw-germany.com\/es\/wp-json\/wp\/v2\/types\/page"}],"author":[{"embeddable":true,"href":"https:\/\/mpw-germany.com\/es\/wp-json\/wp\/v2\/users\/1"}],"replies":[{"embeddable":true,"href":"https:\/\/mpw-germany.com\/es\/wp-json\/wp\/v2\/comments?post=345"}],"version-history":[{"count":10,"href":"https:\/\/mpw-germany.com\/es\/wp-json\/wp\/v2\/pages\/345\/revisions"}],"predecessor-version":[{"id":3160,"href":"https:\/\/mpw-germany.com\/es\/wp-json\/wp\/v2\/pages\/345\/revisions\/3160"}],"wp:attachment":[{"href":"https:\/\/mpw-germany.com\/es\/wp-json\/wp\/v2\/media?parent=345"}],"curies":[{"name":"wp","href":"https:\/\/api.w.org\/{rel}","templated":true}]}}