{"id":345,"date":"2025-03-07T12:45:34","date_gmt":"2025-03-07T12:45:34","guid":{"rendered":"https:\/\/mpw.peggert.net\/?page_id=345"},"modified":"2025-12-22T13:58:22","modified_gmt":"2025-12-22T13:58:22","slug":"impressum","status":"publish","type":"page","link":"https:\/\/mpw-germany.com\/de\/impressum\/","title":{"rendered":"Impressum"},"content":{"rendered":"<div data-elementor-type=\"wp-page\" data-elementor-id=\"345\" class=\"elementor elementor-345\" data-elementor-post-type=\"page\">\n\t\t\t\t<div class=\"elementor-element elementor-element-70b38c5a e-flex e-con-boxed e-con e-parent\" data-id=\"70b38c5a\" data-element_type=\"container\" data-e-type=\"container\" data-settings=\"{&quot;jet_parallax_layout_list&quot;:[]}\">\n\t\t\t\t\t<div class=\"e-con-inner\">\n\t\t\t\t<div class=\"elementor-element elementor-element-992e0e7 elementor-widget elementor-widget-heading\" data-id=\"992e0e7\" data-element_type=\"widget\" data-e-type=\"widget\" data-widget_type=\"heading.default\">\n\t\t\t\t<div class=\"elementor-widget-container\">\n\t\t\t\t\t<h2 class=\"elementor-heading-title elementor-size-default\">Impressum<\/h2>\t\t\t\t<\/div>\n\t\t\t\t<\/div>\n\t\t\t\t<div class=\"elementor-element elementor-element-5c2a9ddf elementor-widget elementor-widget-text-editor\" data-id=\"5c2a9ddf\" data-element_type=\"widget\" data-e-type=\"widget\" data-widget_type=\"text-editor.default\">\n\t\t\t\t<div class=\"elementor-widget-container\">\n\t\t\t\t\t\t\t\t\t\n<p data-start=\"351\" data-end=\"471\">Angaben gem\u00e4\u00df \u00a7 5 TMG:<br data-start=\"373\" data-end=\"376\" \/>MPW Baumaschinen GmbH &amp; Co. KG<br data-start=\"416\" data-end=\"419\" \/>Mooringer Stra\u00dfe 4b<br data-start=\"438\" data-end=\"441\" \/>28865 Lilienthal<br data-start=\"457\" data-end=\"460\" \/>Deutschland<\/p>\n<p data-start=\"473\" data-end=\"621\"><strong data-start=\"473\" data-end=\"493\">Vertreten durch:<\/strong><br data-start=\"493\" data-end=\"496\" \/>MPW Verwaltungs-GmbH (pers\u00f6nlich haftende Gesellschafterin)<br data-start=\"555\" data-end=\"558\" \/>Diese wird vertreten durch den Gesch\u00e4ftsf\u00fchrer Markus P. Wehner<\/p>\n<p data-start=\"623\" data-end=\"788\"><strong data-start=\"623\" data-end=\"635\">Kontakt:<\/strong><br data-start=\"635\" data-end=\"638\" \/>Telefon: +49 (0)4792 9539953<br data-start=\"666\" data-end=\"669\" \/>E-Mail: <a class=\"cursor-pointer\" rel=\"noopener\" data-start=\"677\" data-end=\"726\">mpw@mpw-germany.com<\/a><br data-start=\"726\" data-end=\"729\" \/>Website: <a class=\"\" href=\"https:\/\/mpw-germany.com\/de\/\" target=\"_new\" rel=\"noopener\" data-start=\"738\" data-end=\"788\">www.mpw-germany.com<\/a><\/p>\n<p data-start=\"790\" data-end=\"912\"><strong data-start=\"790\" data-end=\"810\">Registereintrag:<\/strong><br data-start=\"810\" data-end=\"813\" \/>Eintragung in das Handelsregister.<br data-start=\"843\" data-end=\"846\" \/>Registergericht: Amtsgericht Walsrode<br data-start=\"883\" data-end=\"886\" \/>Registernummer: HRA 203084<\/p>\n<p data-start=\"914\" data-end=\"1019\"><strong data-start=\"914\" data-end=\"934\">Umsatzsteuer-ID:<\/strong><br data-start=\"934\" data-end=\"937\" \/>Umsatzsteuer-Identifikationsnummer gem\u00e4\u00df \u00a7 27 a Umsatzsteuergesetz:<br data-start=\"1004\" data-end=\"1007\" \/>DE 193372416<\/p>\n\t\t\t\t\t\t\t\t<\/div>\n\t\t\t\t<\/div>\n\t\t\t\t<div class=\"elementor-element elementor-element-6abbe4c elementor-widget-divider--view-line elementor-widget elementor-widget-divider\" data-id=\"6abbe4c\" data-element_type=\"widget\" data-e-type=\"widget\" data-widget_type=\"divider.default\">\n\t\t\t\t<div class=\"elementor-widget-container\">\n\t\t\t\t\t\t\t<div class=\"elementor-divider\">\n\t\t\t<span class=\"elementor-divider-separator\">\n\t\t\t\t\t\t<\/span>\n\t\t<\/div>\n\t\t\t\t\t\t<\/div>\n\t\t\t\t<\/div>\n\t\t\t\t<div class=\"elementor-element elementor-element-f030e3c elementor-widget elementor-widget-text-editor\" data-id=\"f030e3c\" data-element_type=\"widget\" data-e-type=\"widget\" data-widget_type=\"text-editor.default\">\n\t\t\t\t<div class=\"elementor-widget-container\">\n\t\t\t\t\t\t\t\t\t\n<p data-start=\"914\" data-end=\"1019\">\u00a0<\/p>\n<p data-start=\"1026\" data-end=\"1757\"><strong data-start=\"1026\" data-end=\"1049\">Haftung f\u00fcr Inhalte<\/strong><br data-start=\"1049\" data-end=\"1052\" \/>Als Diensteanbieter sind wir gem\u00e4\u00df \u00a7 7 Abs. 1 TMG f\u00fcr eigene Inhalte auf diesen Seiten nach den allgemeinen Gesetzen verantwortlich.<br data-start=\"1184\" data-end=\"1187\" \/>Nach \u00a7\u00a7 8 bis 10 TMG sind wir als Diensteanbieter jedoch nicht verpflichtet, \u00fcbermittelte oder gespeicherte fremde Informationen zu \u00fcberwachen oder nach Umst\u00e4nden zu forschen, die auf eine rechtswidrige T\u00e4tigkeit hinweisen.<br data-start=\"1410\" data-end=\"1413\" \/>Verpflichtungen zur Entfernung oder Sperrung der Nutzung von Informationen nach den allgemeinen Gesetzen bleiben hiervon unber\u00fchrt. Eine diesbez\u00fcgliche Haftung ist jedoch erst ab dem Zeitpunkt der Kenntnis einer konkreten Rechtsverletzung m\u00f6glich. Bei Bekanntwerden entsprechender Rechtsverletzungen werden wir diese Inhalte umgehend entfernen.<\/p>\n<p data-start=\"1759\" data-end=\"2478\"><strong data-start=\"1759\" data-end=\"1780\">Haftung f\u00fcr Links<\/strong><br data-start=\"1780\" data-end=\"1783\" \/>Unser Angebot enth\u00e4lt Links zu externen Websites Dritter, auf deren Inhalte wir keinen Einfluss haben.<br data-start=\"1885\" data-end=\"1888\" \/>Deshalb k\u00f6nnen wir f\u00fcr diese fremden Inhalte auch keine Gew\u00e4hr \u00fcbernehmen. F\u00fcr die Inhalte der verlinkten Seiten ist stets der jeweilige Anbieter oder Betreiber der Seiten verantwortlich.<br data-start=\"2075\" data-end=\"2078\" \/>Die verlinkten Seiten wurden zum Zeitpunkt der Verlinkung auf m\u00f6gliche Rechtsverst\u00f6\u00dfe \u00fcberpr\u00fcft. Rechtswidrige Inhalte waren zum Zeitpunkt der Verlinkung nicht erkennbar.<br data-start=\"2248\" data-end=\"2251\" \/>Eine permanente inhaltliche Kontrolle der verlinkten Seiten ist jedoch ohne konkrete Anhaltspunkte einer Rechtsverletzung nicht zumutbar.<br data-start=\"2388\" data-end=\"2391\" \/>Bei Bekanntwerden von Rechtsverletzungen werden wir derartige Links umgehend entfernen.<\/p>\n<p data-start=\"2480\" data-end=\"3305\"><strong data-start=\"2480\" data-end=\"2496\">Urheberrecht<\/strong><br data-start=\"2496\" data-end=\"2499\" \/>Die durch die Seitenbetreiber erstellten Inhalte und Werke auf diesen Seiten unterliegen dem deutschen Urheberrecht.<br data-start=\"2615\" data-end=\"2618\" \/>Die Vervielf\u00e4ltigung, Bearbeitung, Verbreitung und jede Art der Verwertung au\u00dferhalb der Grenzen des Urheberrechtes bed\u00fcrfen der schriftlichen Zustimmung des jeweiligen Autors bzw. Erstellers.<br data-start=\"2810\" data-end=\"2813\" \/>Downloads und Kopien dieser Seite sind nur f\u00fcr den privaten, nicht kommerziellen Gebrauch gestattet.<br data-start=\"2913\" data-end=\"2916\" \/>Soweit die Inhalte auf dieser Seite nicht vom Betreiber erstellt wurden, werden die Urheberrechte Dritter beachtet.<br data-start=\"3031\" data-end=\"3034\" \/>Insbesondere werden Inhalte Dritter als solche gekennzeichnet. Sollten Sie trotzdem auf eine Urheberrechtsverletzung aufmerksam werden, bitten wir um einen entsprechenden Hinweis.<br data-start=\"3213\" data-end=\"3216\" \/>Bei Bekanntwerden von Rechtsverletzungen werden wir derartige Inhalte umgehend entfernen.<\/p>\n<p data-start=\"914\" data-end=\"1019\"><br \/><br \/><\/p>\n<p><strong>Credits:<\/strong><br \/><a href=\"https:\/\/www.flaticon.com\/free-icons\/planer\" target=\"_blank\" rel=\"noopener\">Planer icons created by Paul J. &#8211; Flaticon<\/a><\/p>\n<p data-start=\"351\" data-end=\"471\"><\/p>\n<p><a href=\"https:\/\/www.flaticon.com\/free-icons\/compactor\" target=\"_blank\" rel=\"noopener\">Compactor icons created by Atif Arshad &#8211; Flaticon<\/a><\/p>\n<p data-start=\"351\" data-end=\"471\"><\/p>\n<p><a href=\"https:\/\/www.flaticon.com\/free-icons\/front-loader\" target=\"_blank\" rel=\"noopener\">Front loader icons created by Freepik &#8211; Flaticon<\/a><\/p>\n<p data-start=\"351\" data-end=\"471\"><\/p>\n<p><a href=\"https:\/\/www.flaticon.com\/free-icons\/skid-steer-loader\" target=\"_blank\" rel=\"noopener\">Skid steer loader icons created by ADI_ICONS &#8211; Flaticon<\/a><\/p>\n<p>Pixabay<\/p>\n<p data-start=\"351\" data-end=\"471\"><\/p>\n<p>\u00a0<\/p>\n\t\t\t\t\t\t\t\t<\/div>\n\t\t\t\t<\/div>\n\t\t\t\t\t<\/div>\n\t\t\t\t<\/div>\n\t\t\t\t<\/div>","protected":false},"excerpt":{"rendered":"<p>Impressum Angaben gem\u00e4\u00df \u00a7 5 TMG:MPW Construction Machinery GmbH &amp; Co. KGMooringer Stra\u00dfe 4b28865 LilienthalDeutschland Vertreten durch:MPW Verwaltungs-GmbH (pers\u00f6nlich haftende Gesellschafterin)Diese wird vertreten durch den Gesch\u00e4ftsf\u00fchrer Markus P. Wehner Kontakt:Telefon: +49 (0)4792 9539953E-Mail: mpw@mpw-germany.comWebsite: www.mpw-germany.com Registereintrag:Eintragung im Handelsregister.Registergericht: Amtsgericht WalsrodeRegisternummer: HRA 203084 Umsatzsteuer-ID:Umsatzsteuer-Identifikationsnummer gem\u00e4\u00df \u00a7 27 a Umsatzsteuergesetz:DE 193372416 \u00a0 Haftung f\u00fcr InhalteAls Diensteanbieter sind [&hellip;]<\/p>\n","protected":false},"author":1,"featured_media":0,"parent":0,"menu_order":0,"comment_status":"closed","ping_status":"closed","template":"","meta":{"footnotes":""},"class_list":["post-345","page","type-page","status-publish","hentry"],"_links":{"self":[{"href":"https:\/\/mpw-germany.com\/de\/wp-json\/wp\/v2\/pages\/345","targetHints":{"allow":["GET"]}}],"collection":[{"href":"https:\/\/mpw-germany.com\/de\/wp-json\/wp\/v2\/pages"}],"about":[{"href":"https:\/\/mpw-germany.com\/de\/wp-json\/wp\/v2\/types\/page"}],"author":[{"embeddable":true,"href":"https:\/\/mpw-germany.com\/de\/wp-json\/wp\/v2\/users\/1"}],"replies":[{"embeddable":true,"href":"https:\/\/mpw-germany.com\/de\/wp-json\/wp\/v2\/comments?post=345"}],"version-history":[{"count":11,"href":"https:\/\/mpw-germany.com\/de\/wp-json\/wp\/v2\/pages\/345\/revisions"}],"predecessor-version":[{"id":3160,"href":"https:\/\/mpw-germany.com\/de\/wp-json\/wp\/v2\/pages\/345\/revisions\/3160"}],"wp:attachment":[{"href":"https:\/\/mpw-germany.com\/de\/wp-json\/wp\/v2\/media?parent=345"}],"curies":[{"name":"wp","href":"https:\/\/api.w.org\/{rel}","templated":true}]}}